{"id":14603,"date":"2020-06-09T10:35:53","date_gmt":"2020-06-09T09:35:53","guid":{"rendered":"http:\/\/www.joseluisserzo.com\/biography\/"},"modified":"2020-06-10T18:13:03","modified_gmt":"2020-06-10T17:13:03","slug":"biography","status":"publish","type":"page","link":"https:\/\/www.joseluisserzo.com\/en\/biography\/","title":{"rendered":"Biography"},"content":{"rendered":"\t\t<div data-elementor-type=\"wp-page\" data-elementor-id=\"14603\" class=\"elementor elementor-14603 elementor-4999\" data-elementor-post-type=\"page\">\n\t\t\t\t\t\t<section class=\"elementor-section elementor-top-section elementor-element elementor-element-92d6c2b elementor-section-stretched elementor-section-full_width elementor-section-height-default elementor-section-height-default\" data-id=\"92d6c2b\" data-element_type=\"section\" data-e-type=\"section\" data-settings=\"{&quot;stretch_section&quot;:&quot;section-stretched&quot;}\">\n\t\t\t\t\t\t<div class=\"elementor-container elementor-column-gap-extended\">\n\t\t\t\t\t<div class=\"elementor-column elementor-col-100 elementor-top-column elementor-element elementor-element-cb7f78f sc_inner_width_none sc_content_align_inherit sc_layouts_column_icons_position_left\" data-id=\"cb7f78f\" data-element_type=\"column\" data-e-type=\"column\">\n\t\t\t<div class=\"elementor-widget-wrap elementor-element-populated\">\n\t\t\t\t\t\t<div class=\"elementor-element elementor-element-88b8eb3 animation_type_block sc_fly_static elementor-widget elementor-widget-image\" data-id=\"88b8eb3\" data-element_type=\"widget\" data-e-type=\"widget\" data-widget_type=\"image.default\">\n\t\t\t\t<div class=\"elementor-widget-container\">\n\t\t\t\t\t\t\t\t\t\t\t\t\t\t\t<img fetchpriority=\"high\" decoding=\"async\" width=\"1920\" height=\"715\" src=\"https:\/\/www.joseluisserzo.com\/wp-content\/uploads\/2020\/06\/Header-Bio-Bio.jpg\" class=\"attachment-full size-full wp-image-14491\" alt=\"\" srcset=\"https:\/\/www.joseluisserzo.com\/wp-content\/uploads\/2020\/06\/Header-Bio-Bio.jpg 1920w, https:\/\/www.joseluisserzo.com\/wp-content\/uploads\/2020\/06\/Header-Bio-Bio-300x112.jpg 300w, https:\/\/www.joseluisserzo.com\/wp-content\/uploads\/2020\/06\/Header-Bio-Bio-1024x381.jpg 1024w, https:\/\/www.joseluisserzo.com\/wp-content\/uploads\/2020\/06\/Header-Bio-Bio-768x286.jpg 768w, https:\/\/www.joseluisserzo.com\/wp-content\/uploads\/2020\/06\/Header-Bio-Bio-1536x572.jpg 1536w, https:\/\/www.joseluisserzo.com\/wp-content\/uploads\/2020\/06\/Header-Bio-Bio-370x138.jpg 370w, https:\/\/www.joseluisserzo.com\/wp-content\/uploads\/2020\/06\/Header-Bio-Bio-770x287.jpg 770w\" sizes=\"(max-width: 1920px) 100vw, 1920px\" \/>\t\t\t\t\t\t\t\t\t\t\t\t\t\t\t<\/div>\n\t\t\t\t<\/div>\n\t\t\t\t<div class=\"elementor-element elementor-element-5fe7fd9 sc_fly_bc sc_layouts_hide_on_mobile sc_layouts_hide_on_tablet animation_type_block elementor-widget elementor-widget-text-editor\" data-id=\"5fe7fd9\" data-element_type=\"widget\" data-e-type=\"widget\" data-widget_type=\"text-editor.default\">\n\t\t\t\t<div class=\"elementor-widget-container\">\n\t\t\t\t\t\t\t\t\t<p><a href=\"http:\/\/www.joseluisserzo.com\/en\/biography\/\"><span style=\"color: #0fbcae; text-decoration: underline;\">BIOGRAPHY<\/span><\/a>\u00a0 \u00a0 \u00a0 \u00a0<a href=\"http:\/\/www.joseluisserzo.com\/en\/curriculum-vitae\/\"><span style=\"color: #ebe9cf;\">RESUME\u00a0 \u00a0 \u00a0 \u00a0<\/span><\/a><a href=\"http:\/\/www.joseluisserzo.com\/en\/bibliography\/\"><span style=\"color: #ebe9cf;\">BIBLIOGRAPHY\u00a0 \u00a0 \u00a0 \u00a0<\/span><\/a><a href=\"http:\/\/www.joseluisserzo.com\/en\/monografic-catalog\/\"><span style=\"color: #ebe9cf;\">MONOGRAPHIC CATALOG\u00a0 \u00a0 \u00a0 \u00a0<\/span><\/a><a href=\"http:\/\/www.joseluisserzo.com\/en\/press\/\"><span style=\"color: #ebe9cf;\">PRESS\u00a0 \u00a0 \u00a0 \u00a0<\/span><\/a><a href=\"http:\/\/www.joseluisserzo.com\/en\/text-others\/\"><span style=\"color: #ebe9cf;\">TEXT &amp; OTHERS<\/span><\/a><\/p>\t\t\t\t\t\t\t\t<\/div>\n\t\t\t\t<\/div>\n\t\t\t\t<div class=\"elementor-element elementor-element-130f734 sc_fly_mc animation_type_block elementor-widget elementor-widget-heading\" data-id=\"130f734\" data-element_type=\"widget\" data-e-type=\"widget\" data-widget_type=\"heading.default\">\n\t\t\t\t<div class=\"elementor-widget-container\">\n\t\t\t\t\t<h2 class=\"elementor-heading-title elementor-size-default\">Biography<\/h2>\t\t\t\t<\/div>\n\t\t\t\t<\/div>\n\t\t\t\t\t<\/div>\n\t\t<\/div>\n\t\t\t\t\t<\/div>\n\t\t<\/section>\n\t\t\t\t<section class=\"elementor-section elementor-top-section elementor-element elementor-element-3007f03 elementor-section-stretched elementor-section-boxed elementor-section-height-default elementor-section-height-default\" data-id=\"3007f03\" data-element_type=\"section\" data-e-type=\"section\" data-settings=\"{&quot;stretch_section&quot;:&quot;section-stretched&quot;}\">\n\t\t\t\t\t\t<div class=\"elementor-container elementor-column-gap-default\">\n\t\t\t\t\t<div class=\"elementor-column elementor-col-100 elementor-top-column elementor-element elementor-element-cbdb87c sc_inner_width_none sc_content_align_inherit sc_layouts_column_icons_position_left\" data-id=\"cbdb87c\" data-element_type=\"column\" data-e-type=\"column\">\n\t\t\t<div class=\"elementor-widget-wrap elementor-element-populated\">\n\t\t\t\t\t\t<div class=\"elementor-element elementor-element-af8cb73 animation_type_block sc_fly_static elementor-widget elementor-widget-spacer\" data-id=\"af8cb73\" data-element_type=\"widget\" data-e-type=\"widget\" data-widget_type=\"spacer.default\">\n\t\t\t\t<div class=\"elementor-widget-container\">\n\t\t\t\t\t\t\t<div class=\"elementor-spacer\">\n\t\t\t<div class=\"elementor-spacer-inner\"><\/div>\n\t\t<\/div>\n\t\t\t\t\t\t<\/div>\n\t\t\t\t<\/div>\n\t\t\t\t<div class=\"elementor-element elementor-element-2509391 animation_type_block sc_fly_static elementor-widget elementor-widget-text-editor\" data-id=\"2509391\" data-element_type=\"widget\" data-e-type=\"widget\" data-widget_type=\"text-editor.default\">\n\t\t\t\t<div class=\"elementor-widget-container\">\n\t\t\t\t\t\t\t\t\t<p class=\"titulo-bio\" style=\"font-family: Taviraj; font-size: 45px; font-weight: bold; line-height: 1.09;\"><strong>Jos\u00e9 Lu\u00eds Serzo (Albacete 1977) is a multidisciplinary artist who stands out for his exhibitions and portraits<\/strong><\/p>\n<p class=\"subtitulo-bio\" style=\"font-family: Cardo; font-size: 24px; font-style: italic; line-height: 1.46;\">Post Show, El fant\u00e1stico vuelo del hombre cometa, Thewelcome, Los sue\u00f1os de I Ming or Los Se\u00f1ores del Bosque are some of his series, in which through painting, drawing, photography, objects, installation, video and literature as a thread, he tells stories that are somewhat dreamlike and with an optimistic transcendence.<\/p>\n<p>His work has been shown in exhibitions in museums and art centres such as: Casal Solleric in Palma de Mallorca, ABC Museum in Madrid, DOMUS ARTIUM DA2 Art Centre in Salamanca, MUSEO BARJOLA in Gij\u00f3n, MACUF (A Coru\u00f1a), Centro de Arte Contemporaneo LA CONSERVERA (Murcia), Kunstbunker Tumulka in Munich, Museo Nacional de Artes Decorativas (Madrid), CEART (Fuenlabrada), Centro de Cultura Contempor\u00e1nea Las Cigarreras (Alicante), Freires Museum of Berlin, Albacete Museum, SangSang Madang Art Centre (Seoul), Instituto Cervantes of Chicago, Museo de Adra (Almer\u00eda), Fundaci\u00f3n Bot\u00edn (Santander), Centro de Arte Joven de la Comunidad de Madrid, Instituto Cervantes (Madrid, Prague, Berlin, Krakow, Paris, etc). Centro Internacional de Cultura Contempor\u00e1nea de San Sebasti\u00e1n, MATADERO Madrid, Kursaal Kutxaespacio del arte (San Sebasti\u00e1n), etc.\n<\/p>\n<p>\nHis work is or has been represented with individual exhibitions by galleries such as: Galer\u00eda Siboney (Santander), Galer\u00eda Artizar (Tenerife), Galer\u00eda Gema Llamazares (Gij\u00f3n), PAPER Gallery (Manchester), Blanca Soto Arte (Madrid), Marena Rooms Gallery (Turin), Kir Royal Gallery (Valencia), Moproo Gallery (Shanghai), MCO (Porto) or Ferran Cano (Palma de Mallorca, Barcelona). His work has been shown at fairs such as ARCO, ART COLOGNE, JUSTMAD, JUSTLX, DRAWING ROOM, CONTEXT MIAMI, SWAB, ART BEIJING, JUSTLX, DRAWING ROOM, CONTEXT MIAMI, SWAB, ART BEIJING, Art Madrid, ESTAMPA, DIVA Art fair (NY), ARTELISBOA, ARTEBA (Buenos Aires), ARTESANTANDER, ARTFRANKFURT, ArteSalamanca, ART LOS \u00c1NGELES, SCOPEMIAMI, etc. Art Madrid, ESTAMPA, DIVA Art fair (NY), ARTELISBOA, ARTEBA (Buenos Aires), ARTESANTANDER, ARTFRANKFURT, ArteSalamanca, ART LOS \u00c1NGELES, SCOPEMIAMI, etc. <\/p>\n<p>\nHis work is represented in many national and international private collections, as well as in the following public collections: Caja Castilla la Mancha-Museo de Valdepe\u00f1as, Fundaci\u00f3n Valpara\u00edso, Fundaci\u00f3n Fernando M\u00aa Centenera Jaraba, ESPACIO SERZO MORILLE (SALAMANCA), MUSEO ABC del Dibujo y la Ilustraci\u00f3n (Madrid), DOMUS ARTIUM DA2 de Salamanca. MEFIC (Museum of Contemporary International Figurative Sculpture), Faculty of BB. AA. of the UCM, Municipal Museum of Albacete, Provincial Foundation of Culture of the Delegation of C\u00e1diz, Museum of Adra, Museum of Contemporary Art of Genalguacil (M\u00e1laga), Teatro Circo Albacete, Faena Hotel and Universe (Buenos Aires), Hotel Porto Mare (Funchal-Madeira), North Collection of Contemporary Art, Government of Cantabria, etc.   <\/p>\n\t\t\t\t\t\t\t\t<\/div>\n\t\t\t\t<\/div>\n\t\t\t\t<div class=\"elementor-element elementor-element-4235908 animation_type_block sc_fly_static elementor-widget elementor-widget-spacer\" data-id=\"4235908\" data-element_type=\"widget\" data-e-type=\"widget\" data-widget_type=\"spacer.default\">\n\t\t\t\t<div class=\"elementor-widget-container\">\n\t\t\t\t\t\t\t<div class=\"elementor-spacer\">\n\t\t\t<div class=\"elementor-spacer-inner\"><\/div>\n\t\t<\/div>\n\t\t\t\t\t\t<\/div>\n\t\t\t\t<\/div>\n\t\t\t\t\t<\/div>\n\t\t<\/div>\n\t\t\t\t\t<\/div>\n\t\t<\/section>\n\t\t\t\t<\/div>\n\t\t","protected":false},"excerpt":{"rendered":"<p>BIOGRAPHY\u00a0 \u00a0 \u00a0 \u00a0RESUME\u00a0 \u00a0 \u00a0 \u00a0BIBLIOGRAPHY\u00a0 \u00a0 \u00a0 \u00a0MONOGRAPHIC CATALOG\u00a0 \u00a0 \u00a0 \u00a0PRESS\u00a0 \u00a0 \u00a0 \u00a0TEXT &amp; OTHERS Biography Jos\u00e9 Lu\u00eds Serzo (Albacete 1977) is a multidisciplinary artist who stands out for his exhibitions and portraits Post Show, El fant\u00e1stico vuelo del hombre cometa,&hellip;<\/p>\n","protected":false},"author":1,"featured_media":0,"parent":0,"menu_order":0,"comment_status":"closed","ping_status":"closed","template":"","meta":{"_monsterinsights_skip_tracking":false,"_monsterinsights_sitenote_active":false,"_monsterinsights_sitenote_note":"","_monsterinsights_sitenote_category":0,"footnotes":""},"class_list":["post-14603","page","type-page","status-publish","hentry"],"_links":{"self":[{"href":"https:\/\/www.joseluisserzo.com\/en\/wp-json\/wp\/v2\/pages\/14603","targetHints":{"allow":["GET"]}}],"collection":[{"href":"https:\/\/www.joseluisserzo.com\/en\/wp-json\/wp\/v2\/pages"}],"about":[{"href":"https:\/\/www.joseluisserzo.com\/en\/wp-json\/wp\/v2\/types\/page"}],"author":[{"embeddable":true,"href":"https:\/\/www.joseluisserzo.com\/en\/wp-json\/wp\/v2\/users\/1"}],"replies":[{"embeddable":true,"href":"https:\/\/www.joseluisserzo.com\/en\/wp-json\/wp\/v2\/comments?post=14603"}],"version-history":[{"count":7,"href":"https:\/\/www.joseluisserzo.com\/en\/wp-json\/wp\/v2\/pages\/14603\/revisions"}],"predecessor-version":[{"id":14838,"href":"https:\/\/www.joseluisserzo.com\/en\/wp-json\/wp\/v2\/pages\/14603\/revisions\/14838"}],"wp:attachment":[{"href":"https:\/\/www.joseluisserzo.com\/en\/wp-json\/wp\/v2\/media?parent=14603"}],"curies":[{"name":"wp","href":"https:\/\/api.w.org\/{rel}","templated":true}]}}